{"id":52,"date":"2023-07-09T13:10:38","date_gmt":"2023-07-09T13:10:38","guid":{"rendered":"https:\/\/tgtraning.se\/?page_id=52"},"modified":"2023-07-10T08:06:03","modified_gmt":"2023-07-10T08:06:03","slug":"events-camps","status":"publish","type":"page","link":"https:\/\/tgtraning.se\/?page_id=52","title":{"rendered":"Events &#038; camps"},"content":{"rendered":"\n<p>Tomas planerar och genomf\u00f6r events och camps f\u00f6r t.ex. f\u00f6retagsgrupper. I Tomas n\u00e4tverk finns flera utbildade och kompetenta coacher som kan hj\u00e4lpa till n\u00e4r behov av fler ledare finns.<\/p>\n","protected":false},"excerpt":{"rendered":"<p>Tomas planerar och genomf\u00f6r events och camps f\u00f6r t.ex. f\u00f6retagsgrupper. I Tomas n\u00e4tverk finns flera utbildade och kompetenta coacher som kan hj\u00e4lpa till n\u00e4r behov av fler ledare finns.<\/p>\n","protected":false},"author":1,"featured_media":53,"parent":2,"menu_order":70,"comment_status":"closed","ping_status":"closed","template":"","meta":{"neve_meta_sidebar":"","neve_meta_container":"","neve_meta_enable_content_width":"","neve_meta_content_width":0,"neve_meta_title_alignment":"","neve_meta_author_avatar":"","neve_post_elements_order":"","neve_meta_disable_header":"","neve_meta_disable_footer":"","neve_meta_disable_title":""},"_links":{"self":[{"href":"https:\/\/tgtraning.se\/index.php?rest_route=\/wp\/v2\/pages\/52"}],"collection":[{"href":"https:\/\/tgtraning.se\/index.php?rest_route=\/wp\/v2\/pages"}],"about":[{"href":"https:\/\/tgtraning.se\/index.php?rest_route=\/wp\/v2\/types\/page"}],"author":[{"embeddable":true,"href":"https:\/\/tgtraning.se\/index.php?rest_route=\/wp\/v2\/users\/1"}],"replies":[{"embeddable":true,"href":"https:\/\/tgtraning.se\/index.php?rest_route=%2Fwp%2Fv2%2Fcomments&post=52"}],"version-history":[{"count":3,"href":"https:\/\/tgtraning.se\/index.php?rest_route=\/wp\/v2\/pages\/52\/revisions"}],"predecessor-version":[{"id":106,"href":"https:\/\/tgtraning.se\/index.php?rest_route=\/wp\/v2\/pages\/52\/revisions\/106"}],"up":[{"embeddable":true,"href":"https:\/\/tgtraning.se\/index.php?rest_route=\/wp\/v2\/pages\/2"}],"wp:featuredmedia":[{"embeddable":true,"href":"https:\/\/tgtraning.se\/index.php?rest_route=\/wp\/v2\/media\/53"}],"wp:attachment":[{"href":"https:\/\/tgtraning.se\/index.php?rest_route=%2Fwp%2Fv2%2Fmedia&parent=52"}],"curies":[{"name":"wp","href":"https:\/\/api.w.org\/{rel}","templated":true}]}}