{"id":46,"date":"2023-07-09T12:55:50","date_gmt":"2023-07-09T12:55:50","guid":{"rendered":"https:\/\/tgtraning.se\/?page_id=46"},"modified":"2023-07-09T22:08:21","modified_gmt":"2023-07-09T22:08:21","slug":"funktionell-styrka","status":"publish","type":"page","link":"https:\/\/tgtraning.se\/?page_id=46","title":{"rendered":"Funktionell styrka"},"content":{"rendered":"\n<p>Alla byggen beh\u00f6ver en stabil grund att st\u00e5 p\u00e5. Du kan se din idrott som ditt bygge och din kropp som grunden. Med hj\u00e4lp av en balans mellan styrka och r\u00f6rlighet skapar du r\u00e4tt f\u00f6ruts\u00e4ttningar f\u00f6r framg\u00e5ng.<\/p>\n\n\n\n<p>Tomas ger dig de r\u00e4tta verktygen f\u00f6r att hitta r\u00e4tt i din styrketr\u00e4ning.<\/p>\n","protected":false},"excerpt":{"rendered":"<p>Alla byggen beh\u00f6ver en stabil grund att st\u00e5 p\u00e5. Du kan se din idrott som ditt bygge och din kropp som grunden. Med hj\u00e4lp av en balans mellan styrka och r\u00f6rlighet skapar du r\u00e4tt f\u00f6ruts\u00e4ttningar f\u00f6r framg\u00e5ng. Tomas ger dig de r\u00e4tta verktygen f\u00f6r att hitta r\u00e4tt i din styrketr\u00e4ning.<\/p>\n","protected":false},"author":1,"featured_media":47,"parent":2,"menu_order":40,"comment_status":"closed","ping_status":"closed","template":"","meta":{"neve_meta_sidebar":"","neve_meta_container":"","neve_meta_enable_content_width":"","neve_meta_content_width":0,"neve_meta_title_alignment":"","neve_meta_author_avatar":"","neve_post_elements_order":"","neve_meta_disable_header":"","neve_meta_disable_footer":"","neve_meta_disable_title":""},"_links":{"self":[{"href":"https:\/\/tgtraning.se\/index.php?rest_route=\/wp\/v2\/pages\/46"}],"collection":[{"href":"https:\/\/tgtraning.se\/index.php?rest_route=\/wp\/v2\/pages"}],"about":[{"href":"https:\/\/tgtraning.se\/index.php?rest_route=\/wp\/v2\/types\/page"}],"author":[{"embeddable":true,"href":"https:\/\/tgtraning.se\/index.php?rest_route=\/wp\/v2\/users\/1"}],"replies":[{"embeddable":true,"href":"https:\/\/tgtraning.se\/index.php?rest_route=%2Fwp%2Fv2%2Fcomments&post=46"}],"version-history":[{"count":2,"href":"https:\/\/tgtraning.se\/index.php?rest_route=\/wp\/v2\/pages\/46\/revisions"}],"predecessor-version":[{"id":102,"href":"https:\/\/tgtraning.se\/index.php?rest_route=\/wp\/v2\/pages\/46\/revisions\/102"}],"up":[{"embeddable":true,"href":"https:\/\/tgtraning.se\/index.php?rest_route=\/wp\/v2\/pages\/2"}],"wp:featuredmedia":[{"embeddable":true,"href":"https:\/\/tgtraning.se\/index.php?rest_route=\/wp\/v2\/media\/47"}],"wp:attachment":[{"href":"https:\/\/tgtraning.se\/index.php?rest_route=%2Fwp%2Fv2%2Fmedia&parent=46"}],"curies":[{"name":"wp","href":"https:\/\/api.w.org\/{rel}","templated":true}]}}