{"id":2,"date":"2023-06-23T16:50:22","date_gmt":"2023-06-23T16:50:22","guid":{"rendered":"http:\/\/tgtraning.se\/?page_id=2"},"modified":"2023-07-09T18:52:43","modified_gmt":"2023-07-09T18:52:43","slug":"sample-page","status":"publish","type":"page","link":"https:\/\/tgtraning.se\/","title":{"rendered":"Tr\u00e4na med Tomas!"},"content":{"rendered":"<div class=\"wp-block-image\">\n<figure class=\"alignright size-full\"><img decoding=\"async\" loading=\"lazy\" width=\"600\" height=\"400\" src=\"https:\/\/tgtraning.se\/wp-content\/uploads\/2023\/07\/tomas-granberg.jpg\" alt=\"\" class=\"wp-image-84\" srcset=\"https:\/\/tgtraning.se\/wp-content\/uploads\/2023\/07\/tomas-granberg.jpg 600w, https:\/\/tgtraning.se\/wp-content\/uploads\/2023\/07\/tomas-granberg-300x200.jpg 300w\" sizes=\"(max-width: 600px) 100vw, 600px\" \/><\/figure><\/div>\n\n\n<p><strong>TG Tr\u00e4ning &amp; Kondition<\/strong> erbjuder l\u00f6pning, simning, swimrun och funktionell styrka f\u00f6r b\u00e5de v\u00e4lm\u00e5ende och t\u00e4vling. Tomas leder tr\u00e4ningsgrupper i Stockholm men bedriver ocks\u00e5 individuell coaching.<\/p>\n\n\n\n<p><strong>Tomas Granberg<\/strong> har tr\u00e4nat och t\u00e4vlat i l\u00f6pning och swimrun p\u00e5 h\u00f6gre motion\u00e4rsniv\u00e5 under m\u00e5nga \u00e5r. Bland annat har han deltagit i VM i swimrun ett flertal g\u00e5nger. Men Tomas \u00e4r ocks\u00e5 fyrabarnsfar och f\u00f6rst\u00e5r det livspussel m\u00e5nga st\u00e4lls inf\u00f6r.<\/p>\n","protected":false},"excerpt":{"rendered":"<p>TG Tr\u00e4ning &amp; Kondition erbjuder l\u00f6pning, simning, swimrun och funktionell styrka f\u00f6r b\u00e5de v\u00e4lm\u00e5ende och t\u00e4vling. Tomas leder tr\u00e4ningsgrupper i Stockholm men bedriver ocks\u00e5 individuell coaching. Tomas Granberg har tr\u00e4nat och t\u00e4vlat i l\u00f6pning och swimrun p\u00e5 h\u00f6gre motion\u00e4rsniv\u00e5 under m\u00e5nga \u00e5r. Bland annat har han deltagit i VM i swimrun ett flertal g\u00e5nger. Men&hellip;&nbsp;<a href=\"https:\/\/tgtraning.se\/\" class=\"\" rel=\"bookmark\">Read More &raquo;<span class=\"screen-reader-text\">Tr\u00e4na med Tomas!<\/span><\/a><\/p>\n","protected":false},"author":1,"featured_media":62,"parent":0,"menu_order":0,"comment_status":"closed","ping_status":"open","template":"","meta":{"neve_meta_sidebar":"","neve_meta_container":"","neve_meta_enable_content_width":"","neve_meta_content_width":0,"neve_meta_title_alignment":"","neve_meta_author_avatar":"","neve_post_elements_order":"","neve_meta_disable_header":"","neve_meta_disable_footer":"","neve_meta_disable_title":""},"_links":{"self":[{"href":"https:\/\/tgtraning.se\/index.php?rest_route=\/wp\/v2\/pages\/2"}],"collection":[{"href":"https:\/\/tgtraning.se\/index.php?rest_route=\/wp\/v2\/pages"}],"about":[{"href":"https:\/\/tgtraning.se\/index.php?rest_route=\/wp\/v2\/types\/page"}],"author":[{"embeddable":true,"href":"https:\/\/tgtraning.se\/index.php?rest_route=\/wp\/v2\/users\/1"}],"replies":[{"embeddable":true,"href":"https:\/\/tgtraning.se\/index.php?rest_route=%2Fwp%2Fv2%2Fcomments&post=2"}],"version-history":[{"count":15,"href":"https:\/\/tgtraning.se\/index.php?rest_route=\/wp\/v2\/pages\/2\/revisions"}],"predecessor-version":[{"id":96,"href":"https:\/\/tgtraning.se\/index.php?rest_route=\/wp\/v2\/pages\/2\/revisions\/96"}],"wp:featuredmedia":[{"embeddable":true,"href":"https:\/\/tgtraning.se\/index.php?rest_route=\/wp\/v2\/media\/62"}],"wp:attachment":[{"href":"https:\/\/tgtraning.se\/index.php?rest_route=%2Fwp%2Fv2%2Fmedia&parent=2"}],"curies":[{"name":"wp","href":"https:\/\/api.w.org\/{rel}","templated":true}]}}